{"id":91,"date":"2017-05-11T11:12:20","date_gmt":"2017-05-11T11:12:20","guid":{"rendered":"http:\/\/it-dent.cz\/?page_id=91"},"modified":"2017-07-26T12:38:27","modified_gmt":"2017-07-26T12:38:27","slug":"o-nas","status":"publish","type":"page","link":"https:\/\/itdent.cz\/?page_id=91","title":{"rendered":"O n\u00e1s"},"content":{"rendered":"<p>[et_pb_section admin_label=&#8221;Section&#8221; fullwidth=&#8221;on&#8221; specialty=&#8221;off&#8221; transparent_background=&#8221;off&#8221; allow_player_pause=&#8221;off&#8221; inner_shadow=&#8221;off&#8221; parallax=&#8221;on&#8221; parallax_method=&#8221;off&#8221; padding_mobile=&#8221;off&#8221; make_fullwidth=&#8221;off&#8221; use_custom_width=&#8221;off&#8221; width_unit=&#8221;on&#8221; make_equal=&#8221;off&#8221; use_custom_gutter=&#8221;off&#8221;][et_pb_fullwidth_slider admin_label=&#8221;Fullwidth Slider&#8221; show_arrows=&#8221;on&#8221; show_pagination=&#8221;on&#8221; auto=&#8221;off&#8221; auto_ignore_hover=&#8221;off&#8221; parallax=&#8221;on&#8221; parallax_method=&#8221;off&#8221; remove_inner_shadow=&#8221;off&#8221; background_position=&#8221;default&#8221; background_size=&#8221;default&#8221; hide_content_on_mobile=&#8221;off&#8221; hide_cta_on_mobile=&#8221;off&#8221; show_image_video_mobile=&#8221;off&#8221; custom_button=&#8221;off&#8221; button_letter_spacing=&#8221;0&#8243; button_use_icon=&#8221;default&#8221; button_icon_placement=&#8221;right&#8221; button_on_hover=&#8221;on&#8221; button_letter_spacing_hover=&#8221;0&#8243;] [et_pb_slide heading=&#8221;N\u00e1\u0161 t\u00fdm&#8221; background_position=&#8221;default&#8221; background_size=&#8221;default&#8221; background_color=&#8221;#ffffff&#8221; use_bg_overlay=&#8221;off&#8221; use_text_overlay=&#8221;off&#8221; alignment=&#8221;center&#8221; background_layout=&#8221;dark&#8221; allow_player_pause=&#8221;off&#8221; text_border_radius=&#8221;3&#8243; header_font_select=&#8221;default&#8221; header_font=&#8221;||||&#8221; body_font_select=&#8221;default&#8221; body_font=&#8221;||||&#8221; custom_button=&#8221;off&#8221; button_font_select=&#8221;default&#8221; button_font=&#8221;||||&#8221; button_use_icon=&#8221;default&#8221; button_icon_placement=&#8221;right&#8221; button_on_hover=&#8221;on&#8221; background_image=&#8221;http:\/\/it-dent.cz\/wp-content\/uploads\/2017\/05\/DSC_0436.jpg&#8221;] [\/et_pb_slide] [\/et_pb_fullwidth_slider][\/et_pb_section][et_pb_section fullwidth=&#8221;off&#8221; specialty=&#8221;off&#8221; admin_label=&#8221;Section&#8221;][et_pb_row admin_label=&#8221;Row&#8221;][et_pb_column type=&#8221;4_4&#8243;][et_pb_text admin_label=&#8221;Text&#8221; background_layout=&#8221;light&#8221; text_orientation=&#8221;left&#8221; use_border_color=&#8221;off&#8221; border_color=&#8221;#ffffff&#8221; border_style=&#8221;solid&#8221;]<\/p>\n<h5><span style=\"color: #999999;\"><strong>Nov\u00e1 zubn\u00ed laborato\u0159<\/strong><\/span><\/h5>\n<p>&nbsp;<\/p>\n<p><span style=\"color: #999999;\">vyu\u017e\u00edvaj\u00edc\u00ed nejmodern\u011bj\u0161\u00ed technologie CAD\/CAM\u00a0od firmy Amann Girrbach a vyu\u017e\u00edvaj\u00edc\u00ed jejich nejnov\u011bj\u0161\u00ed p\u0159\u00edstroje jako je fr\u00e9za Ceramill motion DNA II a skener Map400 a dal\u0161\u00ed, kter\u00e9 pat\u0159\u00ed na \u0161pici CAD\/CAM technologi\u00ed, d\u00edky kter\u00fdm jsme schopni s\u00a0Va\u0161\u00ed pomoc\u00ed vytv\u00e1\u0159et ty nejlep\u0161\u00ed pr\u00e1ce z\u00a0mnoha materi\u00e1l\u016f. V\u0161echny pr\u00e1ce jsou dosazov\u00e1ny a upravov\u00e1ny pod mikroskopy. V\u00a0laborato\u0159i pracuj\u00ed zku\u0161en\u00ed zubn\u00ed technici s\u00a0dlouholetou prax\u00ed a CAD\/CAM specialist\u00e9.\u00a0\u00a0<\/span><\/p>\n<p>&nbsp;<\/p>\n<h5><span style=\"color: #999999;\">\u00a0 \u00a0 \u00a0 \u00a0 \u00a0 \u00a0 \u00a0 \u00a0 \u00a0 \u00a0 \u00a0 \u00a0 \u00a0 \u00a0 \u00a0 \u00a0 \u00a0 \u00a0 \u00a0 \u00a0 \u00a0 \u00a0 \u00a0 \u00a0 \u00a0 \u00a0 \u00a0 \u00a0 \u00a0 T\u011b\u0161\u00edme se na spolupr\u00e1ci \u00a0 \u00a0 \u00a0 \u00a0 \u00a0 \u00a0 \u00a0 \u00a0 \u00a0 \u00a0 \u00a0 \u00a0 \u00a0 \u00a0 \u00a0 \u00a0 \u00a0 \u00a0 \u00a0 \u00a0 \u00a0 \u00a0 \u00a0 \u00a0 \u00a0 \u00a0 \u00a0 \u00a0 \u00a0 \u00a0 \u00a0 \u00a0 \u00a0 \u00a0 \u00a0 <strong>T\u00fdm IT-Dent<\/strong><\/span><\/h5>\n<p>[\/et_pb_text][\/et_pb_column][\/et_pb_row][\/et_pb_section][et_pb_section admin_label=&#8221;Section&#8221; fullwidth=&#8221;off&#8221; specialty=&#8221;off&#8221;][et_pb_row admin_label=&#8221;Row&#8221;][et_pb_column type=&#8221;4_4&#8243;][et_pb_divider admin_label=&#8221;Divider&#8221; color=&#8221;#2b9ed9&#8243; show_divider=&#8221;on&#8221; divider_style=&#8221;solid&#8221; divider_position=&#8221;top&#8221; hide_on_mobile=&#8221;on&#8221;] [\/et_pb_divider][\/et_pb_column][\/et_pb_row][\/et_pb_section][et_pb_section admin_label=&#8221;Section&#8221; fullwidth=&#8221;off&#8221; specialty=&#8221;off&#8221;][et_pb_row admin_label=&#8221;Row&#8221;][et_pb_column type=&#8221;1_2&#8243;][et_pb_text admin_label=&#8221;Text&#8221; background_layout=&#8221;dark&#8221; text_orientation=&#8221;left&#8221; header_text_color=&#8221;#2b9ed9&#8243; use_border_color=&#8221;off&#8221; border_color=&#8221;#ffffff&#8221; border_style=&#8221;solid&#8221;]<\/p>\n<h2><span style=\"color: #2b9ed9;\"><strong>Tom\u00e1\u0161 Ors\u00e1g<\/strong><\/span><\/h2>\n<p><span style=\"color: #808080;\">CAD\/CAM specialista, zubn\u00ed technik<\/span><\/p>\n<p>[\/et_pb_text][et_pb_image admin_label=&#8221;Image&#8221; src=&#8221;http:\/\/it-dent.cz\/wp-content\/uploads\/2017\/05\/003-8.jpg&#8221; show_in_lightbox=&#8221;off&#8221; url_new_window=&#8221;off&#8221; use_overlay=&#8221;off&#8221; animation=&#8221;fade_in&#8221; sticky=&#8221;off&#8221; align=&#8221;left&#8221; force_fullwidth=&#8221;off&#8221; always_center_on_mobile=&#8221;on&#8221; use_border_color=&#8221;off&#8221; border_color=&#8221;#ffffff&#8221; border_style=&#8221;solid&#8221;] [\/et_pb_image][et_pb_text admin_label=&#8221;Text&#8221; background_layout=&#8221;light&#8221; text_orientation=&#8221;left&#8221; use_border_color=&#8221;off&#8221; border_color=&#8221;#ffffff&#8221; border_style=&#8221;solid&#8221;]<\/p>\n<h4><span style=\"color: #2b9ed9;\"><strong>Pracovn\u00ed zku\u0161enosti<\/strong><\/span><\/h4>\n<p><span style=\"color: #808080;\">2017 \u2013 IT-Dent, vedouc\u00ed zubn\u00ed laborato\u0159e, CAD\/CAM specialista, Ro\u017enov pod Radho\u0161t\u011bm<\/span><\/p>\n<p><span style=\"color: #808080;\">2003 \u2013 2017- Rodent, zubn\u00ed laborato\u0159 Ro\u017enov pod Radho\u0161t\u011bm<\/span><\/p>\n<p><span style=\"color: #808080;\">2003 \u2013 Zubn\u00ed laborato\u0159, Brno<\/span><\/p>\n<p>[\/et_pb_text][et_pb_text admin_label=&#8221;Text&#8221; background_layout=&#8221;light&#8221; text_orientation=&#8221;left&#8221; use_border_color=&#8221;off&#8221; border_color=&#8221;#ffffff&#8221; border_style=&#8221;solid&#8221;]<\/p>\n<h4><span style=\"color: #2b9ed9;\"><strong>Vzd\u011bl\u00e1n\u00ed<\/strong><\/span><\/h4>\n<p>2000-2003 Vy\u0161\u0161\u00ed odborn\u00e1 zdravotnick\u00e1 \u0161kola Brno- diplomovan\u00fd zubn\u00ed technik<\/p>\n<p>&nbsp;<\/p>\n<p>&nbsp;<\/p>\n<p>&nbsp;<\/p>\n<p>[\/et_pb_text][et_pb_text admin_label=&#8221;Text&#8221; background_layout=&#8221;light&#8221; text_orientation=&#8221;left&#8221; use_border_color=&#8221;off&#8221; border_color=&#8221;#ffffff&#8221; border_style=&#8221;solid&#8221;]<\/p>\n<h4><span style=\"color: #2b9ed9;\"><strong>Absolvovan\u00e9 kurzy<\/strong><\/span><\/h4>\n<p>2017 DIO Implant, Tom\u00e1\u0161 Skoup\u00fd, Brno<\/p>\n<p>2017 Barven\u00ed zirkonu pro ka\u017ed\u00e9ho, Pavel Metelka, Praha<\/p>\n<p>2017 V\u00edtejte v\u00a0digit\u00e1ln\u00edm sv\u011bt\u011b, Pavel Metelka, MUDr. Petr Hajn\u00fd, Praha<\/p>\n<p>2016 Dentalforum, MUDr. Petr Hajn\u00fd, Petr My\u0161i\u010dka, Milo\u0161 Miladinov, Praha<\/p>\n<p>2016 Revoluce v\u00a0kovokeramice, Ond\u0159ej Adam, Praha<\/p>\n<p>2016 Peek, Zolid FX, GC Cerasmart, Pavel Metelka, Ji\u0159\u00ed Hanek, Praha<\/p>\n<p>2016 Keramika CAD\/CAM<\/p>\n<p>2015 Fixn\u00ed protetika, Radek Mounajed, Hradec Kr\u00e1lov\u00e9<\/p>\n<p>2013 Kovokeramika, \u010cen\u011bk Neruda, Ostrava<\/p>\n<p>2011 Zhotoven\u00ed kombinovan\u00e9 n\u00e1hrady s\u00a0vyu\u017eit\u00edm z\u00e1suvn\u00fdch spoj\u016f, Tom\u00e1\u0161 Skoup\u00fd, Brno<\/p>\n<p>2008 Zirkonov\u00e1 fr\u00e9zovac\u00ed technologie<\/p>\n<p>2006 Kovokeramika, \u010cen\u011bk Neruda, Ostrava \u00a0 \u00a0 \u00a0 \u00a0 \u00a0 \u00a0 \u00a0 \u00a0 \u00a0 \u00a0 \u00a0 \u00a0 \u00a0 \u00a0 \u00a0 \u00a0 \u00a0 \u00a0 \u00a0 \u00a0 \u00a0 \u00a0 \u00a0 \u00a0 \u00a0 \u00a0 \u00a0 \u00a0 \u00a0 \u00a0 \u00a0 \u00a0 \u00a0 \u00a0 \u00a0 \u00a0 \u00a0 \u00a0 \u00a0 \u00a0 \u00a0 \u00a0 \u00a0 \u00a0 \u00a0 \u00a0 \u00a0 \u00a0 \u00a0 \u00a0 \u00a0 \u00a0<span style=\"color: #ffffff;\"> .<\/span><\/p>\n<p>[\/et_pb_text][et_pb_image admin_label=&#8221;Image&#8221; src=&#8221;http:\/\/it-dent.cz\/wp-content\/uploads\/2017\/05\/002-60.jpg&#8221; show_in_lightbox=&#8221;off&#8221; url_new_window=&#8221;off&#8221; use_overlay=&#8221;off&#8221; animation=&#8221;left&#8221; sticky=&#8221;off&#8221; align=&#8221;left&#8221; force_fullwidth=&#8221;off&#8221; always_center_on_mobile=&#8221;on&#8221; use_border_color=&#8221;off&#8221; border_color=&#8221;#ffffff&#8221; border_style=&#8221;solid&#8221;] [\/et_pb_image][\/et_pb_column][et_pb_column type=&#8221;1_2&#8243;][et_pb_text admin_label=&#8221;Text&#8221; background_layout=&#8221;dark&#8221; text_orientation=&#8221;left&#8221; header_text_color=&#8221;#2b9ed9&#8243; use_border_color=&#8221;off&#8221; border_color=&#8221;#ffffff&#8221; border_style=&#8221;solid&#8221;]<\/p>\n<h2><span style=\"color: #2b9ed9;\"><strong>Petr Rzeszutko<\/strong><\/span><\/h2>\n<p><span style=\"color: #808080;\">CAD\/CAM specialista, zubn\u00ed technik<\/span><\/p>\n<p>[\/et_pb_text][et_pb_image admin_label=&#8221;Image&#8221; src=&#8221;http:\/\/it-dent.cz\/wp-content\/uploads\/2017\/05\/003-1.jpg&#8221; show_in_lightbox=&#8221;off&#8221; url_new_window=&#8221;off&#8221; use_overlay=&#8221;off&#8221; animation=&#8221;fade_in&#8221; sticky=&#8221;off&#8221; align=&#8221;left&#8221; force_fullwidth=&#8221;off&#8221; always_center_on_mobile=&#8221;on&#8221; use_border_color=&#8221;off&#8221; border_color=&#8221;#ffffff&#8221; border_style=&#8221;solid&#8221;] [\/et_pb_image][et_pb_text admin_label=&#8221;Text&#8221; background_layout=&#8221;light&#8221; text_orientation=&#8221;left&#8221; use_border_color=&#8221;off&#8221; border_color=&#8221;#ffffff&#8221; border_style=&#8221;solid&#8221;]<\/p>\n<h4><span style=\"color: #2b9ed9;\"><strong>Pracovn\u00ed zku\u0161enosti<\/strong><\/span><\/h4>\n<p>2017 \u2013 IT-Dent, zubn\u00ed technik, CAD\/CAM specialista, Ro\u017enov pod Radho\u0161t\u011bm<\/p>\n<p>2016 \u2013 2017 Dentamed, CAD\/CAM specialista, Praha<\/p>\n<p>2003 \u2013 2016 Soukrom\u00e1 zubn\u00ed laborato\u0159 Rychvald, zubn\u00ed technik \u00a0 \u00a0 \u00a0 \u00a0 \u00a0 \u00a0 \u00a0 \u00a0 \u00a0 \u00a0 \u00a0 \u00a0 \u00a0 \u00a0 \u00a0 \u00a0 \u00a0 \u00a0 \u00a0 \u00a0 \u00a0 \u00a0 \u00a0 \u00a0 \u00a0 \u00a0 \u00a0 \u00a0 \u00a0 \u00a0 \u00a0 \u00a0 \u00a0 \u00a0 \u00a0 \u00a0 \u00a0 \u00a0 \u00a0 \u00a0 \u00a0 \u00a0 \u00a0 \u00a0 \u00a0 \u00a0 \u00a0 \u00a0 \u00a0 \u00a0 \u00a0 \u00a0 \u00a0 \u00a0 \u00a0 \u00a0 \u00a0 \u00a0 \u00a0 \u00a0 \u00a0 \u00a0<span style=\"color: #ffffff;\"> \u00a0 .<\/span><\/p>\n<p>[\/et_pb_text][et_pb_text admin_label=&#8221;Text&#8221; background_layout=&#8221;light&#8221; text_orientation=&#8221;left&#8221; use_border_color=&#8221;off&#8221; border_color=&#8221;#ffffff&#8221; border_style=&#8221;solid&#8221;]<\/p>\n<h4><span style=\"color: #2b9ed9;\"><strong>Vzd\u011bl\u00e1n\u00ed<\/strong><\/span><\/h4>\n<p>2006-2009 N\u00e1rodn\u00ed centrum o\u0161et\u0159ovatelstv\u00ed a nel\u00e9ka\u0159sk\u00fdch zdravotnick\u00fdch obor\u016f, Brno, specializa\u010dn\u00ed studium fixn\u00ed a sn\u00edmateln\u00e9 n\u00e1hrady, zakon\u010deno atesta\u010dn\u00ed zkou\u0161kou.<\/p>\n<p>1999-2003 St\u0159edn\u00ed zdravotnick\u00e1 \u0161kola a Vy\u0161\u0161\u00ed zdravotnick\u00e1 \u0161kola, Ostrava, oborzubn\u00ed technik.<\/p>\n<p>[\/et_pb_text][et_pb_text admin_label=&#8221;Text&#8221; background_layout=&#8221;light&#8221; text_orientation=&#8221;left&#8221; use_border_color=&#8221;off&#8221; border_color=&#8221;#ffffff&#8221; border_style=&#8221;solid&#8221;]<\/p>\n<h4><span style=\"color: #2b9ed9;\"><strong>Absolvovan\u00e9 kurzy<\/strong><\/span><\/h4>\n<p>2017 Barven\u00ed zirkonu pro ka\u017ed\u00e9ho, Pavel Metelka, Praha<\/p>\n<p>2017 3Shape- Dental Studio, Koda\u0148<\/p>\n<p>2017 V\u00edtejte v\u00a0digit\u00e1ln\u00edm sv\u011bt\u011b, Pavel Metelka, MUDr. Petr Hajn\u00fd, Praha<\/p>\n<p>2017 Implant\u00e1ty a protetika, MUDr. Ji\u0159\u00ed Hrkal, Kladno<\/p>\n<p>2017 Zirconia a IPS e.maxceram, Petr My\u0161i\u010dka, V\u00edde\u0148<\/p>\n<p>2016 Digit\u00e1ln\u00ed technologie v\u00a0dne\u0161n\u00edm l\u00e9ka\u0159stv\u00ed, Pavel Metelka, MDDr. Adam \u0160\u00edma, LFUK<\/p>\n<p>2016 Peek, Zolid FX, GC Cerasmart, Pavel Metelka, Ji\u0159\u00ed Hanek, Praha<\/p>\n<p>2016 Ivoclare.max- Karel Pletka, Ostrava<\/p>\n<p>2005- 2009 Specialista zubn\u00ed technik pro fixn\u00ed a sn\u00edmatelnou protetiku, zakon\u010den\u00fd atesta\u010dn\u00ed\u00a0 zkou\u0161kou, (Sn\u00edmateln\u00e9 n\u00e1hrady, Kombinovan\u00e9 n\u00e1hrady kotven\u00e9 attachmenty, N\u00e1hrady z\u00a0dent\u00e1ln\u00edch keramik, Zubn\u00ed l\u00e9ka\u0159stv\u00ed a zubn\u00ed protetika , Organizace a provoz zubn\u00ed laborato\u0159e.)<\/p>\n<p>2003 \u0160kolen\u00ed kovokeramika Vita VM13, Milevsko<\/p>\n<p>2001 Basic training Vita, BadS\u00e4ckingen<\/p>\n<p>[\/et_pb_text][et_pb_image admin_label=&#8221;Image&#8221; src=&#8221;http:\/\/it-dent.cz\/wp-content\/uploads\/2017\/05\/002-53.jpg&#8221; show_in_lightbox=&#8221;off&#8221; url_new_window=&#8221;off&#8221; use_overlay=&#8221;off&#8221; animation=&#8221;left&#8221; sticky=&#8221;off&#8221; align=&#8221;left&#8221; force_fullwidth=&#8221;off&#8221; always_center_on_mobile=&#8221;on&#8221; use_border_color=&#8221;off&#8221; border_color=&#8221;#ffffff&#8221; border_style=&#8221;solid&#8221;] [\/et_pb_image][\/et_pb_column][\/et_pb_row][\/et_pb_section][et_pb_section admin_label=&#8221;Section&#8221; fullwidth=&#8221;off&#8221; specialty=&#8221;off&#8221;][et_pb_row admin_label=&#8221;Row&#8221;][et_pb_column type=&#8221;4_4&#8243;][et_pb_divider admin_label=&#8221;Divider&#8221; color=&#8221;#2b9ed9&#8243; show_divider=&#8221;on&#8221; divider_style=&#8221;solid&#8221; divider_position=&#8221;top&#8221; hide_on_mobile=&#8221;on&#8221;] [\/et_pb_divider][\/et_pb_column][\/et_pb_row][\/et_pb_section][et_pb_section admin_label=&#8221;section&#8221;][et_pb_row admin_label=&#8221;Row&#8221;][et_pb_column type=&#8221;4_4&#8243;][et_pb_image admin_label=&#8221;Image&#8221; src=&#8221;http:\/\/it-dent.cz\/wp-content\/uploads\/2017\/05\/DSC_0448.jpg&#8221; show_in_lightbox=&#8221;off&#8221; url_new_window=&#8221;off&#8221; use_overlay=&#8221;off&#8221; animation=&#8221;left&#8221; sticky=&#8221;off&#8221; align=&#8221;left&#8221; force_fullwidth=&#8221;off&#8221; always_center_on_mobile=&#8221;on&#8221; use_border_color=&#8221;off&#8221; border_color=&#8221;#ffffff&#8221; border_style=&#8221;solid&#8221;] [\/et_pb_image][\/et_pb_column][\/et_pb_row][\/et_pb_section]<\/p>\n","protected":false},"excerpt":{"rendered":"<p>[et_pb_section admin_label=&#8221;Section&#8221; fullwidth=&#8221;on&#8221; specialty=&#8221;off&#8221; transparent_background=&#8221;off&#8221; allow_player_pause=&#8221;off&#8221; inner_shadow=&#8221;off&#8221; parallax=&#8221;on&#8221; parallax_method=&#8221;off&#8221; padding_mobile=&#8221;off&#8221; make_fullwidth=&#8221;off&#8221; use_custom_width=&#8221;off&#8221; width_unit=&#8221;on&#8221; make_equal=&#8221;off&#8221; use_custom_gutter=&#8221;off&#8221;][et_pb_fullwidth_slider admin_label=&#8221;Fullwidth Slider&#8221; show_arrows=&#8221;on&#8221; show_pagination=&#8221;on&#8221; auto=&#8221;off&#8221; auto_ignore_hover=&#8221;off&#8221; parallax=&#8221;on&#8221; parallax_method=&#8221;off&#8221; remove_inner_shadow=&#8221;off&#8221; background_position=&#8221;default&#8221; background_size=&#8221;default&#8221; hide_content_on_mobile=&#8221;off&#8221; hide_cta_on_mobile=&#8221;off&#8221; show_image_video_mobile=&#8221;off&#8221; custom_button=&#8221;off&#8221; button_letter_spacing=&#8221;0&#8243; button_use_icon=&#8221;default&#8221; button_icon_placement=&#8221;right&#8221; button_on_hover=&#8221;on&#8221; button_letter_spacing_hover=&#8221;0&#8243;] [et_pb_slide heading=&#8221;N\u00e1\u0161 t\u00fdm&#8221; background_position=&#8221;default&#8221; background_size=&#8221;default&#8221; background_color=&#8221;#ffffff&#8221; use_bg_overlay=&#8221;off&#8221; use_text_overlay=&#8221;off&#8221; alignment=&#8221;center&#8221; background_layout=&#8221;dark&#8221; allow_player_pause=&#8221;off&#8221; text_border_radius=&#8221;3&#8243; header_font_select=&#8221;default&#8221; header_font=&#8221;||||&#8221; body_font_select=&#8221;default&#8221; body_font=&#8221;||||&#8221; custom_button=&#8221;off&#8221; button_font_select=&#8221;default&#8221; button_font=&#8221;||||&#8221; button_use_icon=&#8221;default&#8221; [&hellip;]<\/p>\n","protected":false},"author":1,"featured_media":0,"parent":0,"menu_order":0,"comment_status":"closed","ping_status":"closed","template":"","meta":{"footnotes":""},"class_list":["post-91","page","type-page","status-publish","hentry"],"_links":{"self":[{"href":"https:\/\/itdent.cz\/index.php?rest_route=\/wp\/v2\/pages\/91","targetHints":{"allow":["GET"]}}],"collection":[{"href":"https:\/\/itdent.cz\/index.php?rest_route=\/wp\/v2\/pages"}],"about":[{"href":"https:\/\/itdent.cz\/index.php?rest_route=\/wp\/v2\/types\/page"}],"author":[{"embeddable":true,"href":"https:\/\/itdent.cz\/index.php?rest_route=\/wp\/v2\/users\/1"}],"replies":[{"embeddable":true,"href":"https:\/\/itdent.cz\/index.php?rest_route=%2Fwp%2Fv2%2Fcomments&post=91"}],"version-history":[{"count":11,"href":"https:\/\/itdent.cz\/index.php?rest_route=\/wp\/v2\/pages\/91\/revisions"}],"predecessor-version":[{"id":267,"href":"https:\/\/itdent.cz\/index.php?rest_route=\/wp\/v2\/pages\/91\/revisions\/267"}],"wp:attachment":[{"href":"https:\/\/itdent.cz\/index.php?rest_route=%2Fwp%2Fv2%2Fmedia&parent=91"}],"curies":[{"name":"wp","href":"https:\/\/api.w.org\/{rel}","templated":true}]}}