{"id":94,"date":"2017-05-11T11:22:51","date_gmt":"2017-05-11T11:22:51","guid":{"rendered":"http:\/\/it-dent.cz\/?page_id=94"},"modified":"2017-07-26T12:34:12","modified_gmt":"2017-07-26T12:34:12","slug":"pro-lekare","status":"publish","type":"page","link":"https:\/\/itdent.cz\/?page_id=94","title":{"rendered":"Pro l\u00e9ka\u0159e"},"content":{"rendered":"<p>[et_pb_section admin_label=&#8221;Section&#8221; fullwidth=&#8221;on&#8221; specialty=&#8221;off&#8221; background_image=&#8221;http:\/\/it-dent.cz\/wp-content\/uploads\/2017\/05\/DSC_0348.jpg&#8221; transparent_background=&#8221;off&#8221; allow_player_pause=&#8221;off&#8221; inner_shadow=&#8221;off&#8221; parallax=&#8221;on&#8221; parallax_method=&#8221;off&#8221; padding_mobile=&#8221;off&#8221; make_fullwidth=&#8221;off&#8221; use_custom_width=&#8221;off&#8221; width_unit=&#8221;on&#8221; make_equal=&#8221;off&#8221; use_custom_gutter=&#8221;off&#8221;][et_pb_fullwidth_slider admin_label=&#8221;Fullwidth Slider&#8221; show_arrows=&#8221;on&#8221; show_pagination=&#8221;on&#8221; auto=&#8221;off&#8221; auto_ignore_hover=&#8221;off&#8221; parallax=&#8221;off&#8221; parallax_method=&#8221;off&#8221; remove_inner_shadow=&#8221;off&#8221; background_position=&#8221;default&#8221; background_size=&#8221;default&#8221; hide_content_on_mobile=&#8221;off&#8221; hide_cta_on_mobile=&#8221;off&#8221; show_image_video_mobile=&#8221;off&#8221; custom_button=&#8221;off&#8221; button_letter_spacing=&#8221;0&#8243; button_use_icon=&#8221;default&#8221; button_icon_placement=&#8221;right&#8221; button_on_hover=&#8221;on&#8221; button_letter_spacing_hover=&#8221;0&#8243;] [et_pb_slide heading=&#8221;Co zaj\u00edm\u00e1 na\u0161e partnery l\u00e9ka\u0159e? &#8221; background_position=&#8221;center&#8221; background_size=&#8221;contain&#8221; background_color=&#8221;rgba(255,255,255,0)&#8221; use_bg_overlay=&#8221;off&#8221; use_text_overlay=&#8221;off&#8221; alignment=&#8221;center&#8221; background_layout=&#8221;dark&#8221; allow_player_pause=&#8221;off&#8221; text_border_radius=&#8221;3&#8243; header_font_select=&#8221;default&#8221; header_font=&#8221;||||&#8221; body_font_select=&#8221;default&#8221; body_font=&#8221;||||&#8221; custom_button=&#8221;off&#8221; button_font_select=&#8221;default&#8221; button_font=&#8221;||||&#8221; button_use_icon=&#8221;default&#8221; button_icon_placement=&#8221;right&#8221; button_on_hover=&#8221;on&#8221;] [\/et_pb_slide] [\/et_pb_fullwidth_slider][\/et_pb_section][et_pb_section fullwidth=&#8221;off&#8221; specialty=&#8221;off&#8221; admin_label=&#8221;Section&#8221;][et_pb_row admin_label=&#8221;Row&#8221;][et_pb_column type=&#8221;4_4&#8243;][et_pb_tabs admin_label=&#8221;Tabs&#8221; tab_text_color=&#8221;#2b9ed9&#8243; body_text_color=&#8221;#2b9ed9&#8243; use_border_color=&#8221;off&#8221; border_color=&#8221;#ffffff&#8221; border_style=&#8221;solid&#8221; tab_font_size=&#8221;15&#8243;] [et_pb_tab title=&#8221;Z\u00e1kladn\u00ed pr\u00e1ce&#8221; tab_font_select=&#8221;default&#8221; tab_font=&#8221;||||&#8221; tab_line_height=&#8221;2em&#8221; tab_line_height_tablet=&#8221;2em&#8221; tab_line_height_phone=&#8221;2em&#8221; body_font_select=&#8221;default&#8221; body_font=&#8221;||||&#8221; body_line_height=&#8221;2em&#8221; body_line_height_tablet=&#8221;2em&#8221; body_line_height_phone=&#8221;2em&#8221; tab_text_color=&#8221;#2b9ed9&#8243; body_text_color=&#8221;#2b9ed9&#8243;]<\/p>\n<table style=\"height: 239px;\" width=\"649\">\n<tbody>\n<tr>\n<td>Korunka celokeramick\u00e1 Zirkon fasetovan\u00e1 na konstrukci<\/td>\n<td style=\"text-align: right;\">1 893 K\u010d<\/td>\n<\/tr>\n<tr>\n<td>Korunka celozirkonov\u00e1 Zirkon Zolid\u00a0 celoanatomick\u00fd tvar<\/td>\n<td style=\"text-align: right;\">1 490 K\u010d<\/td>\n<\/tr>\n<tr>\n<td>Korunka celozirkonov\u00e1 Zirkon Fx Multilayer<\/td>\n<td style=\"text-align: right;\">1 790 K\u010d<\/td>\n<\/tr>\n<tr>\n<td>Celokeramick\u00e1 korunka fasetovan\u00e1 keramikou E-max<\/td>\n<td style=\"text-align: right;\">2 390 K\u010d<\/td>\n<\/tr>\n<tr>\n<td>Celokeramick\u00e1 korunka E-max<\/td>\n<td style=\"text-align: right;\">2 090 K\u010d<\/td>\n<\/tr>\n<tr>\n<td>Korunka metalokeramick\u00e1 fr\u00e9zovan\u00e1 konstrukce<\/td>\n<td style=\"text-align: right;\">1 800 K\u010d<\/td>\n<\/tr>\n<tr>\n<td>Fasety e-max individu\u00e1ln\u011b designovan\u00e1<\/td>\n<td style=\"text-align: right;\">2 200 K\u010d<\/td>\n<\/tr>\n<tr>\n<td>E-max,Cerasmart GC,Enamic- inlay,onlay,overaly<\/td>\n<td style=\"text-align: right;\">1 990 K\u010d<\/td>\n<\/tr>\n<tr>\n<td><\/td>\n<td><\/td>\n<\/tr>\n<\/tbody>\n<\/table>\n<p>[\/et_pb_tab][et_pb_tab title=&#8221;Implant\u00e1ty&#8221; tab_font_select=&#8221;default&#8221; tab_font=&#8221;||||&#8221; tab_line_height=&#8221;2em&#8221; tab_line_height_tablet=&#8221;2em&#8221; tab_line_height_phone=&#8221;2em&#8221; body_font_select=&#8221;default&#8221; body_font=&#8221;||||&#8221; body_line_height=&#8221;2em&#8221; body_line_height_tablet=&#8221;2em&#8221; body_line_height_phone=&#8221;2em&#8221;]<\/p>\n<table width=\"652\">\n<tbody>\n<tr>\n<td>Zirkon korunka cementovan\u00e1<\/td>\n<td style=\"text-align: right;\">2 800 K\u010d<\/td>\n<\/tr>\n<tr>\n<td>\u00a0\u00a0\u00a0\u00a0\u00a0 Mezi\u010dlen<\/td>\n<td style=\"text-align: right;\">2 600 K\u010d<\/td>\n<\/tr>\n<tr>\n<td>Metalokeramick\u00e1 korunka<\/td>\n<td style=\"text-align: right;\">1 800 K\u010d<\/td>\n<\/tr>\n<tr>\n<td>\u00a0\u00a0\u00a0\u00a0\u00a0 Mezi\u010dlen<\/td>\n<td style=\"text-align: right;\">1 600 K\u010d<\/td>\n<\/tr>\n<\/tbody>\n<\/table>\n<p>[\/et_pb_tab][et_pb_tab title=&#8221;\u0160roubovan\u00e9 pr\u00e1ce na implant\u00e1ty&#8221; tab_font_select=&#8221;default&#8221; tab_font=&#8221;||||&#8221; tab_line_height=&#8221;2em&#8221; tab_line_height_tablet=&#8221;2em&#8221; tab_line_height_phone=&#8221;2em&#8221; body_font_select=&#8221;default&#8221; body_font=&#8221;||||&#8221; body_line_height=&#8221;2em&#8221; body_line_height_tablet=&#8221;2em&#8221; body_line_height_phone=&#8221;2em&#8221;]<\/p>\n<table width=\"652\">\n<tbody>\n<tr>\n<td>Celokeramick\u00e1 korunka s\u00a0vlepovan\u00fdm abutmentem\u00a0 (cena ovlivn\u011bna cenou sou\u010d\u00e1stek)<\/td>\n<td style=\"text-align: right;\">3 200 K\u010d<\/td>\n<\/tr>\n<tr>\n<td>Individu\u00e1ln\u011b zhotoven\u00fd abutment<\/td>\n<td style=\"text-align: right;\">2 000 K\u010d<\/td>\n<\/tr>\n<\/tbody>\n<\/table>\n<p>[\/et_pb_tab][et_pb_tab title=&#8221;Provizoria na implant\u00e1ty&#8221; tab_font_select=&#8221;default&#8221; tab_font=&#8221;||||&#8221; tab_line_height=&#8221;2em&#8221; tab_line_height_tablet=&#8221;2em&#8221; tab_line_height_phone=&#8221;2em&#8221; body_font_select=&#8221;default&#8221; body_font=&#8221;||||&#8221; body_line_height=&#8221;2em&#8221; body_line_height_tablet=&#8221;2em&#8221; body_line_height_phone=&#8221;2em&#8221;]<\/p>\n<table width=\"652\">\n<tbody>\n<tr>\n<td>1 korunka Temp<\/td>\n<td style=\"text-align: right;\">450 K\u010d<\/td>\n<\/tr>\n<tr>\n<td>Do 7 zub\u016f Temp<\/td>\n<td style=\"text-align: right;\">1 200 K\u010d<\/td>\n<\/tr>\n<tr>\n<td>Nad 7 zub\u016f<\/td>\n<td style=\"text-align: right;\">2 100 K\u010d<\/td>\n<\/tr>\n<\/tbody>\n<\/table>\n<p>[\/et_pb_tab][et_pb_tab title=&#8221;Klasick\u00e1 provizoria&#8221; tab_font_select=&#8221;default&#8221; tab_font=&#8221;||||&#8221; tab_line_height=&#8221;2em&#8221; tab_line_height_tablet=&#8221;2em&#8221; tab_line_height_phone=&#8221;2em&#8221; body_font_select=&#8221;default&#8221; body_font=&#8221;||||&#8221; body_line_height=&#8221;2em&#8221; body_line_height_tablet=&#8221;2em&#8221; body_line_height_phone=&#8221;2em&#8221;]<\/p>\n<table width=\"652\">\n<tbody>\n<tr>\n<td>1 korunka Temp<\/td>\n<td style=\"text-align: right;\">250 K\u010d<\/td>\n<\/tr>\n<tr>\n<td>Do 6 Zub\u016f<\/td>\n<td style=\"text-align: right;\">800 K\u010d<\/td>\n<\/tr>\n<tr>\n<td>Nad 6 zub\u016f<\/td>\n<td style=\"text-align: right;\">1 000 K\u010d<\/td>\n<\/tr>\n<\/tbody>\n<\/table>\n<p>[\/et_pb_tab] [\/et_pb_tabs][et_pb_text admin_label=&#8221;Text&#8221; background_layout=&#8221;light&#8221; text_orientation=&#8221;center&#8221; header_text_color=&#8221;#2b9ed9&#8243; use_border_color=&#8221;off&#8221; border_color=&#8221;#ffffff&#8221; border_style=&#8221;solid&#8221;]<\/p>\n<p><span style=\"color: #2b9ed9;\">U men\u0161\u00edch prac\u00ed do 3\u010dlen\u016f a inlay,onlay a fasety si sami technici pacienta bez nutnosti otisku naskenuj\u00ed na na\u0161em pracovi\u0161ti pomoc\u00ed intraor\u00e1ln\u00edho skeneru.<\/span><\/p>\n<p>[\/et_pb_text][\/et_pb_column][\/et_pb_row][\/et_pb_section][et_pb_section admin_label=&#8221;section&#8221;][et_pb_row admin_label=&#8221;Row&#8221;][et_pb_column type=&#8221;4_4&#8243;][et_pb_tabs admin_label=&#8221;Tabs&#8221; tab_text_color=&#8221;#2b9ed9&#8243; body_text_color=&#8221;#2b9ed9&#8243; use_border_color=&#8221;off&#8221; border_color=&#8221;#ffffff&#8221; border_style=&#8221;solid&#8221;] [et_pb_tab title=&#8221;Orienta\u010dn\u00ed term\u00edny dohotoven\u00ed prac\u00ed&#8221; tab_font_select=&#8221;default&#8221; tab_font=&#8221;||||&#8221; tab_line_height=&#8221;2em&#8221; tab_line_height_tablet=&#8221;2em&#8221; tab_line_height_phone=&#8221;2em&#8221; body_font_select=&#8221;default&#8221; body_font=&#8221;||||&#8221; body_line_height=&#8221;2em&#8221; body_line_height_tablet=&#8221;2em&#8221; body_line_height_phone=&#8221;2em&#8221; tab_font_size=&#8221;15&#8243; tab_font_size_tablet=&#8221;21&#8243; tab_font_size_phone=&#8221;21&#8243; tab_text_color=&#8221;#2b9ed9&#8243;]<\/p>\n<table width=\"585\">\n<tbody>\n<tr>\n<td width=\"393\"><\/td>\n<td width=\"192\"><\/td>\n<\/tr>\n<tr>\n<td width=\"393\">provizorn\u00ed korunky<\/td>\n<td>3. pracovn\u00ed den<\/td>\n<\/tr>\n<tr>\n<td><\/td>\n<td><\/td>\n<\/tr>\n<tr>\n<td width=\"393\">korunky<\/td>\n<td>5 pracovn\u00edch dn\u016f<\/td>\n<\/tr>\n<tr>\n<td><\/td>\n<td><\/td>\n<\/tr>\n<tr>\n<td width=\"393\">fixn\u00ed m\u016fstky (dle rozsahu)<\/td>\n<td>5 a\u017e 7 pracovn\u00edch dn\u016f<\/td>\n<\/tr>\n<tr>\n<td><\/td>\n<td><\/td>\n<\/tr>\n<tr>\n<td width=\"393\">celokeramick\u00e9 korunky a \u010dlen\u016f<\/td>\n<td>5 pracovn\u00edch dn\u016f<\/td>\n<\/tr>\n<tr>\n<td><\/td>\n<td><\/td>\n<\/tr>\n<tr>\n<td width=\"393\">fasety, inlaye, overlaye<\/td>\n<td>5 pracovn\u00edch dn\u016f<\/td>\n<\/tr>\n<tr>\n<td><\/td>\n<td><\/td>\n<\/tr>\n<\/tbody>\n<\/table>\n<p>[\/et_pb_tab] [\/et_pb_tabs][et_pb_text admin_label=&#8221;Text&#8221; background_layout=&#8221;light&#8221; text_orientation=&#8221;center&#8221; header_text_color=&#8221;#2b9ed9&#8243; use_border_color=&#8221;off&#8221; border_color=&#8221;#ffffff&#8221; border_style=&#8221;solid&#8221;]<\/p>\n<h4><strong><span style=\"color: #2b9ed9;\">POZN\u00c1MKY:\u00a0<\/span><\/strong><\/h4>\n<p><span style=\"color: #2b9ed9;\">Komplikovan\u011bj\u0161\u00ed pr\u00e1ce na impl\u00e1nty atd. dle domluvy\u00a0 7 a\u017e 10pracovn\u00edch dn\u016f.<\/span><\/p>\n<p><span style=\"color: #2b9ed9;\">Pr\u00e1ce doru\u010dujeme i v\u00a0sobotu a sv\u00e1tky.<\/span><\/p>\n<p><span style=\"color: #2b9ed9;\">Zhotoven\u00ed v krat\u0161\u00ed pracovn\u00ed dob\u011b je mo\u017en\u00e9 po telefonick\u00e9 dohod\u011b se zubn\u00ed laborato\u0159\u00ed, za expresn\u00ed p\u0159\u00edplatek.<\/span><\/p>\n<p><span style=\"color: #2b9ed9;\">Tak\u00e9 jsme schopni si sami zajistit kompletaci prac\u00ed na implant\u00e1ty p\u0159\u00edplatek k\u00a0cen\u011b 7%.<\/span><\/p>\n<p>[\/et_pb_text][\/et_pb_column][\/et_pb_row][\/et_pb_section]<\/p>\n","protected":false},"excerpt":{"rendered":"<p>[et_pb_section admin_label=&#8221;Section&#8221; fullwidth=&#8221;on&#8221; specialty=&#8221;off&#8221; background_image=&#8221;http:\/\/it-dent.cz\/wp-content\/uploads\/2017\/05\/DSC_0348.jpg&#8221; transparent_background=&#8221;off&#8221; allow_player_pause=&#8221;off&#8221; inner_shadow=&#8221;off&#8221; parallax=&#8221;on&#8221; parallax_method=&#8221;off&#8221; padding_mobile=&#8221;off&#8221; make_fullwidth=&#8221;off&#8221; use_custom_width=&#8221;off&#8221; width_unit=&#8221;on&#8221; make_equal=&#8221;off&#8221; use_custom_gutter=&#8221;off&#8221;][et_pb_fullwidth_slider admin_label=&#8221;Fullwidth Slider&#8221; show_arrows=&#8221;on&#8221; show_pagination=&#8221;on&#8221; auto=&#8221;off&#8221; auto_ignore_hover=&#8221;off&#8221; parallax=&#8221;off&#8221; parallax_method=&#8221;off&#8221; remove_inner_shadow=&#8221;off&#8221; background_position=&#8221;default&#8221; background_size=&#8221;default&#8221; hide_content_on_mobile=&#8221;off&#8221; hide_cta_on_mobile=&#8221;off&#8221; show_image_video_mobile=&#8221;off&#8221; custom_button=&#8221;off&#8221; button_letter_spacing=&#8221;0&#8243; button_use_icon=&#8221;default&#8221; button_icon_placement=&#8221;right&#8221; button_on_hover=&#8221;on&#8221; button_letter_spacing_hover=&#8221;0&#8243;] [et_pb_slide heading=&#8221;Co zaj\u00edm\u00e1 na\u0161e partnery l\u00e9ka\u0159e? &#8221; background_position=&#8221;center&#8221; background_size=&#8221;contain&#8221; background_color=&#8221;rgba(255,255,255,0)&#8221; use_bg_overlay=&#8221;off&#8221; use_text_overlay=&#8221;off&#8221; alignment=&#8221;center&#8221; background_layout=&#8221;dark&#8221; allow_player_pause=&#8221;off&#8221; text_border_radius=&#8221;3&#8243; header_font_select=&#8221;default&#8221; header_font=&#8221;||||&#8221; body_font_select=&#8221;default&#8221; [&hellip;]<\/p>\n","protected":false},"author":1,"featured_media":0,"parent":0,"menu_order":0,"comment_status":"closed","ping_status":"closed","template":"","meta":{"footnotes":""},"class_list":["post-94","page","type-page","status-publish","hentry"],"_links":{"self":[{"href":"https:\/\/itdent.cz\/index.php?rest_route=\/wp\/v2\/pages\/94","targetHints":{"allow":["GET"]}}],"collection":[{"href":"https:\/\/itdent.cz\/index.php?rest_route=\/wp\/v2\/pages"}],"about":[{"href":"https:\/\/itdent.cz\/index.php?rest_route=\/wp\/v2\/types\/page"}],"author":[{"embeddable":true,"href":"https:\/\/itdent.cz\/index.php?rest_route=\/wp\/v2\/users\/1"}],"replies":[{"embeddable":true,"href":"https:\/\/itdent.cz\/index.php?rest_route=%2Fwp%2Fv2%2Fcomments&post=94"}],"version-history":[{"count":13,"href":"https:\/\/itdent.cz\/index.php?rest_route=\/wp\/v2\/pages\/94\/revisions"}],"predecessor-version":[{"id":121,"href":"https:\/\/itdent.cz\/index.php?rest_route=\/wp\/v2\/pages\/94\/revisions\/121"}],"wp:attachment":[{"href":"https:\/\/itdent.cz\/index.php?rest_route=%2Fwp%2Fv2%2Fmedia&parent=94"}],"curies":[{"name":"wp","href":"https:\/\/api.w.org\/{rel}","templated":true}]}}